{"id":15389,"date":"2023-04-28T21:06:50","date_gmt":"2023-04-28T19:06:50","guid":{"rendered":"https:\/\/strongweb.net\/uslovi-koriscenja\/"},"modified":"2025-06-07T19:14:15","modified_gmt":"2025-06-07T17:14:15","slug":"uslovi-koriscenja","status":"publish","type":"page","link":"https:\/\/strongweb.net\/sr\/uslovi-koriscenja\/","title":{"rendered":"Uslovi kori\u0161\u0107enja"},"content":{"rendered":"<div class=\"wpb-content-wrapper\"><p>[vc_row row_content_width=&#8220;grid&#8220; enable_hue_rotation=&#8220;no&#8220; use_row_as_full_screen_section=&#8220;no&#8220; css=&#8220;.vc_custom_1486130225333{padding-bottom: 43px !important;}&#8220;][vc_column][vc_column_text el_class=&#8220;projectintronoimg&#8220; css=&#8220;.vc_custom_1682708083059{margin-right: 15% !important;margin-left: 15% !important;}&#8220;]<\/p>\n<h2 style=\"text-align: center;\"><strong>Uslovi kori\u0161\u0107enja<\/strong><\/h2>\n<p>[\/vc_column_text][vc_empty_space height=&#8220;50px&#8220;][vc_column_text css=&#8220;.vc_custom_1710170490553{margin-right: 15% !important;margin-left: 15% !important;}&#8220;]<\/p>\n<h4>Pregled<\/h4>\n<p>Ovom veb-stranicom upravlja Strongweb LLC. Kroz ceo sajt, termini &#8222;mi&#8220;, &#8222;nas&#8220; i &#8222;na\u0161&#8220; odnose se na Strongweb LLC. Strongweb LLC nudi ovaj sajt, uklju\u010duju\u0107i sve informacije, alate i Usluge dostupne sa ovog sajta vama, korisniku, pod uslovom da prihvatite sve uslove, odredbe, politike i obave\u0161tenja navedene ovde.<\/p>\n<p>Posetom na\u0161em sajtu i\/ili kupovinom kod nas, uklju\u010dujete se u na\u0161u &#8222;Uslugu&#8220; i sla\u017eete se da budete vezani slede\u0107im uslovima i odredbama (&#8222;Uslovi kori\u0161\u0107enja&#8220;, &#8222;Uslovi&#8220;), uklju\u010duju\u0107i dodatne uslove i odredbe i politike na koje se ovde upu\u0107uje i\/ili su dostupne putem hiperlinka. Ovi Uslovi kori\u0161\u0107enja se primenjuju na sve korisnike sajta, uklju\u010duju\u0107i bez ograni\u010denja korisnike koji su pregleda\u010di, prodavci, kupci, trgovci i\/ili davaoci sadr\u017eaja.<\/p>\n<p>Molimo vas da pa\u017eljivo pro\u010ditate ove Uslove kori\u0161\u0107enja pre pristupanja ili kori\u0161\u0107enja na\u0161eg sajta. Pristupanjem ili kori\u0161\u0107enjem bilo kog dela sajta, sla\u017eete se da budete vezani ovim Uslovima kori\u0161\u0107enja. Ako se ne sla\u017eete sa svim uslovima i odredbama ovog sporazuma, ne smete pristupiti sajtu niti koristiti bilo koje Usluge. Ako se ovi Uslovi kori\u0161\u0107enja smatraju ponudom, prihvatanje je izri\u010dito ograni\u010deno na ove Uslove kori\u0161\u0107enja.<\/p>\n<p>Sve nove funkcije ili alati koji se dodaju trenutnoj prodavnici tako\u0111e \u0107e podle\u017eati Uslovima kori\u0161\u0107enja. Najnoviju verziju Uslova kori\u0161\u0107enja mo\u017eete pregledati u bilo kom trenutku na ovoj stranici. Zadr\u017eavamo pravo da a\u017euriramo, menjamo ili zamenimo bilo koji deo ovih Uslova kori\u0161\u0107enja postavljanjem a\u017euriranja i\/ili promena na na\u0161 sajt. Va\u0161a je odgovornost da periodi\u010dno proveravate ovu stranicu zbog promena. Va\u0161a dalja upotreba sajta ili pristup sajtu nakon objavljivanja bilo kakvih promena predstavlja prihvatanje tih promena.<\/p>\n<p>Na\u0161u prodavnicu pokre\u0107e WooCommerce. Oni nam obezbe\u0111uju onlajn platformu za e-trgovinu koja nam omogu\u0107ava da vam prodajemo na\u0161e proizvode i Usluge.[\/vc_column_text][vc_empty_space height=&#8220;26px&#8220;][\/vc_column][\/vc_row]<\/p>\n<\/div>","protected":false},"excerpt":{"rendered":"<p>[vc_row row_content_width=&#8220;grid&#8220; enable_hue_rotation=&#8220;no&#8220; use_row_as_full_screen_section=&#8220;no&#8220; css=&#8220;.vc_custom_1486130225333{padding-bottom: 43px !important;}&#8220;][vc_column][vc_column_text el_class=&#8220;projectintronoimg&#8220; css=&#8220;.vc_custom_1682708083059{margin-right: 15% !important;margin-left: 15% !important;}&#8220;] Uslovi kori\u0161\u0107enja [\/vc_column_text][vc_empty_space height=&#8220;50px&#8220;][vc_column_text css=&#8220;.vc_custom_1710170490553{margin-right: 15% !important;margin-left: 15% !important;}&#8220;] Pregled Ovom veb-stranicom upravlja Strongweb LLC. Kroz ceo sajt, termini &#8222;mi&#8220;, &#8222;nas&#8220; i &#8222;na\u0161&#8220; odnose se na Strongweb [&hellip;]<\/p>\n","protected":false},"author":1,"featured_media":14859,"parent":0,"menu_order":0,"comment_status":"closed","ping_status":"closed","template":"full-width.php","meta":{"footnotes":""},"class_list":["post-15389","page","type-page","status-publish","has-post-thumbnail","hentry"],"yoast_head":"<!-- This site is optimized with the Yoast SEO Premium plugin v24.1 (Yoast SEO v25.3) - https:\/\/yoast.com\/wordpress\/plugins\/seo\/ -->\n<title>Uslovi kori\u0161\u0107enja<\/title>\n<meta name=\"description\" content=\"Ovom veb-stranicom upravlja Strongweb LLC. Kroz ceo sajt, izrazi \u201cmi\u201d, \u201cnas\u201d i \u201cna\u0161\u201d odnose se na Strongweb LLC. Strongweb LLC vam nudi ovaj sajt \u2013 uklju\u010duju\u0107i sve informacije, alate i usluge dostupne na sajtu \u2013 pod uslovom da prihvatite sve uslove, odredbe, politike i obave\u0161tenja navedena ovde.\" \/>\n<meta name=\"robots\" content=\"index, follow, max-snippet:-1, max-image-preview:large, max-video-preview:-1\" \/>\n<link rel=\"canonical\" href=\"https:\/\/strongweb.net\/sr\/uslovi-koriscenja\/\" \/>\n<meta property=\"og:locale\" content=\"sr_RS\" \/>\n<meta property=\"og:type\" content=\"article\" \/>\n<meta property=\"og:title\" content=\"Uslovi kori\u0161\u0107enja | Dizajn, web i brending \u2013 StrongWeb!\" \/>\n<meta property=\"og:description\" content=\"Ovom veb-stranicom upravlja Strongweb LLC. Kroz ceo sajt, izrazi \u201cmi\u201d, \u201cnas\u201d i \u201cna\u0161\u201d odnose se na Strongweb LLC. Strongweb LLC vam nudi ovaj sajt \u2013 uklju\u010duju\u0107i sve informacije, alate i usluge dostupne na sajtu \u2013 pod uslovom da prihvatite sve uslove, odredbe, politike i obave\u0161tenja navedena ovde.\" \/>\n<meta property=\"og:url\" content=\"https:\/\/strongweb.net\/sr\/uslovi-koriscenja\/\" \/>\n<meta property=\"og:site_name\" content=\"StrongWeb! Creative Group\" \/>\n<meta property=\"article:publisher\" content=\"https:\/\/www.facebook.com\/strongwebcreative\" \/>\n<meta property=\"article:modified_time\" content=\"2025-06-07T17:14:15+00:00\" \/>\n<meta property=\"og:image\" content=\"https:\/\/strongweb.net\/wp-content\/uploads\/2021\/10\/strongweb_forweb.jpg\" \/>\n\t<meta property=\"og:image:width\" content=\"2000\" \/>\n\t<meta property=\"og:image:height\" content=\"1125\" \/>\n\t<meta property=\"og:image:type\" content=\"image\/jpeg\" \/>\n<meta name=\"twitter:card\" content=\"summary_large_image\" \/>\n<meta name=\"twitter:title\" content=\"Uslovi kori\u0161\u0107enja\" \/>\n<meta name=\"twitter:site\" content=\"@strongweb\" \/>\n<meta name=\"twitter:label1\" content=\"\u041f\u0440\u043e\u0446\u0435\u045a\u0435\u043d\u043e \u0432\u0440\u0435\u043c\u0435 \u0447\u0438\u0442\u0430\u045a\u0430\" \/>\n\t<meta name=\"twitter:data1\" content=\"2 \u043c\u0438\u043d\u0443\u0442\u0430\" \/>\n<!-- \/ Yoast SEO Premium plugin. -->","yoast_head_json":{"title":"Uslovi kori\u0161\u0107enja","description":"Ovom veb-stranicom upravlja Strongweb LLC. Kroz ceo sajt, izrazi \u201cmi\u201d, \u201cnas\u201d i \u201cna\u0161\u201d odnose se na Strongweb LLC. Strongweb LLC vam nudi ovaj sajt \u2013 uklju\u010duju\u0107i sve informacije, alate i usluge dostupne na sajtu \u2013 pod uslovom da prihvatite sve uslove, odredbe, politike i obave\u0161tenja navedena ovde.","robots":{"index":"index","follow":"follow","max-snippet":"max-snippet:-1","max-image-preview":"max-image-preview:large","max-video-preview":"max-video-preview:-1"},"canonical":"https:\/\/strongweb.net\/sr\/uslovi-koriscenja\/","og_locale":"sr_RS","og_type":"article","og_title":"Uslovi kori\u0161\u0107enja | Dizajn, web i brending \u2013 StrongWeb!","og_description":"Ovom veb-stranicom upravlja Strongweb LLC. Kroz ceo sajt, izrazi \u201cmi\u201d, \u201cnas\u201d i \u201cna\u0161\u201d odnose se na Strongweb LLC. Strongweb LLC vam nudi ovaj sajt \u2013 uklju\u010duju\u0107i sve informacije, alate i usluge dostupne na sajtu \u2013 pod uslovom da prihvatite sve uslove, odredbe, politike i obave\u0161tenja navedena ovde.","og_url":"https:\/\/strongweb.net\/sr\/uslovi-koriscenja\/","og_site_name":"StrongWeb! Creative Group","article_publisher":"https:\/\/www.facebook.com\/strongwebcreative","article_modified_time":"2025-06-07T17:14:15+00:00","og_image":[{"width":2000,"height":1125,"url":"https:\/\/strongweb.net\/wp-content\/uploads\/2021\/10\/strongweb_forweb.jpg","type":"image\/jpeg"}],"twitter_card":"summary_large_image","twitter_title":"Uslovi kori\u0161\u0107enja","twitter_site":"@strongweb","twitter_misc":{"\u041f\u0440\u043e\u0446\u0435\u045a\u0435\u043d\u043e \u0432\u0440\u0435\u043c\u0435 \u0447\u0438\u0442\u0430\u045a\u0430":"2 \u043c\u0438\u043d\u0443\u0442\u0430"},"schema":{"@context":"https:\/\/schema.org","@graph":[{"@type":"WebPage","@id":"https:\/\/strongweb.net\/sr\/uslovi-koriscenja\/","url":"https:\/\/strongweb.net\/sr\/uslovi-koriscenja\/","name":"Uslovi kori\u0161\u0107enja","isPartOf":{"@id":"https:\/\/strongweb.net\/#website"},"primaryImageOfPage":{"@id":"https:\/\/strongweb.net\/sr\/uslovi-koriscenja\/#primaryimage"},"image":{"@id":"https:\/\/strongweb.net\/sr\/uslovi-koriscenja\/#primaryimage"},"thumbnailUrl":"https:\/\/strongweb.net\/wp-content\/uploads\/2021\/10\/strongweb_forweb.jpg","datePublished":"2023-04-28T19:06:50+00:00","dateModified":"2025-06-07T17:14:15+00:00","description":"Ovom veb-stranicom upravlja Strongweb LLC. Kroz ceo sajt, izrazi \u201cmi\u201d, \u201cnas\u201d i \u201cna\u0161\u201d odnose se na Strongweb LLC. Strongweb LLC vam nudi ovaj sajt \u2013 uklju\u010duju\u0107i sve informacije, alate i usluge dostupne na sajtu \u2013 pod uslovom da prihvatite sve uslove, odredbe, politike i obave\u0161tenja navedena ovde.","breadcrumb":{"@id":"https:\/\/strongweb.net\/sr\/uslovi-koriscenja\/#breadcrumb"},"inLanguage":"sr-RS","potentialAction":[{"@type":"ReadAction","target":["https:\/\/strongweb.net\/sr\/uslovi-koriscenja\/"]}]},{"@type":"ImageObject","inLanguage":"sr-RS","@id":"https:\/\/strongweb.net\/sr\/uslovi-koriscenja\/#primaryimage","url":"https:\/\/strongweb.net\/wp-content\/uploads\/2021\/10\/strongweb_forweb.jpg","contentUrl":"https:\/\/strongweb.net\/wp-content\/uploads\/2021\/10\/strongweb_forweb.jpg","width":2000,"height":1125,"caption":"StrongWeb! Creative Group - Graphic Design Studio Studio za grafi\u010dki dizajn i brending"},{"@type":"BreadcrumbList","@id":"https:\/\/strongweb.net\/sr\/uslovi-koriscenja\/#breadcrumb","itemListElement":[{"@type":"ListItem","position":1,"name":"Home","item":"https:\/\/strongweb.net\/sr\/"},{"@type":"ListItem","position":2,"name":"Uslovi kori\u0161\u0107enja"}]},{"@type":"WebSite","@id":"https:\/\/strongweb.net\/#website","url":"https:\/\/strongweb.net\/","name":"StrongWeb! Creative Group","description":"Graphic Design Agency","publisher":{"@id":"https:\/\/strongweb.net\/#organization"},"potentialAction":[{"@type":"SearchAction","target":{"@type":"EntryPoint","urlTemplate":"https:\/\/strongweb.net\/?s={search_term_string}"},"query-input":{"@type":"PropertyValueSpecification","valueRequired":true,"valueName":"search_term_string"}}],"inLanguage":"sr-RS"},{"@type":"Organization","@id":"https:\/\/strongweb.net\/#organization","name":"StrongWeb Creative Group","url":"https:\/\/strongweb.net\/","logo":{"@type":"ImageObject","inLanguage":"sr-RS","@id":"https:\/\/strongweb.net\/#\/schema\/logo\/image\/","url":"https:\/\/strongweb.net\/wp-content\/uploads\/2021\/08\/strongweb.logo_.png","contentUrl":"https:\/\/strongweb.net\/wp-content\/uploads\/2021\/08\/strongweb.logo_.png","width":1000,"height":1000,"caption":"StrongWeb Creative Group"},"image":{"@id":"https:\/\/strongweb.net\/#\/schema\/logo\/image\/"},"sameAs":["https:\/\/www.facebook.com\/strongwebcreative","https:\/\/x.com\/strongweb","https:\/\/www.instagram.com\/strongwebcreative\/"]}]}},"_links":{"self":[{"href":"https:\/\/strongweb.net\/sr\/wp-json\/wp\/v2\/pages\/15389","targetHints":{"allow":["GET"]}}],"collection":[{"href":"https:\/\/strongweb.net\/sr\/wp-json\/wp\/v2\/pages"}],"about":[{"href":"https:\/\/strongweb.net\/sr\/wp-json\/wp\/v2\/types\/page"}],"author":[{"embeddable":true,"href":"https:\/\/strongweb.net\/sr\/wp-json\/wp\/v2\/users\/1"}],"replies":[{"embeddable":true,"href":"https:\/\/strongweb.net\/sr\/wp-json\/wp\/v2\/comments?post=15389"}],"version-history":[{"count":3,"href":"https:\/\/strongweb.net\/sr\/wp-json\/wp\/v2\/pages\/15389\/revisions"}],"predecessor-version":[{"id":15410,"href":"https:\/\/strongweb.net\/sr\/wp-json\/wp\/v2\/pages\/15389\/revisions\/15410"}],"wp:featuredmedia":[{"embeddable":true,"href":"https:\/\/strongweb.net\/sr\/wp-json\/wp\/v2\/media\/14859"}],"wp:attachment":[{"href":"https:\/\/strongweb.net\/sr\/wp-json\/wp\/v2\/media?parent=15389"}],"curies":[{"name":"wp","href":"https:\/\/api.w.org\/{rel}","templated":true}]}}