{"id":15382,"date":"2023-04-28T18:55:08","date_gmt":"2023-04-28T16:55:08","guid":{"rendered":"https:\/\/strongweb.net\/politika-privatnosti\/"},"modified":"2025-06-07T19:12:39","modified_gmt":"2025-06-07T17:12:39","slug":"politika-privatnosti","status":"publish","type":"page","link":"https:\/\/strongweb.net\/sr\/politika-privatnosti\/","title":{"rendered":"Politika privatnosti"},"content":{"rendered":"<div class=\"wpb-content-wrapper\"><p>[vc_row row_content_width=&#8220;grid&#8220; enable_hue_rotation=&#8220;no&#8220; use_row_as_full_screen_section=&#8220;no&#8220; css=&#8220;.vc_custom_1486130225333{padding-bottom: 43px !important;}&#8220;][vc_column][vc_column_text el_class=&#8220;projectintronoimg&#8220; css=&#8220;.vc_custom_1682706926797{margin-right: 15% !important;margin-left: 15% !important;}&#8220;]<\/p>\n<h2 style=\"text-align: center;\"><strong>Politika privatnosti<\/strong><\/h2>\n<p>[\/vc_column_text][vc_empty_space height=&#8220;50px&#8220;][vc_column_text css=&#8220;.vc_custom_1685550954892{margin-right: 15% !important;margin-left: 15% !important;}&#8220;]<\/p>\n<h4>Politika privatnosti<\/h4>\n<p>&nbsp;<\/p>\n<p>Ova politika privatnosti opisuje kako se Va\u0161i li\u010dni podaci prikupljaju, koriste i dele kada posetite ili izvr\u0161ite kupovinu putem sajta <strong>strongweb.net<\/strong> (&#8222;Sajt&#8220;).<\/p>\n<p>&nbsp;<\/p>\n<h4>Podaci koje prikupljamo<\/h4>\n<p>&nbsp;<\/p>\n<p>Prilikom Va\u0161e posete sajtu, automatski prikupljamo odre\u0111ene informacije o Va\u0161em ure\u0111aju, uklju\u010duju\u0107i podatke o pretra\u017eiva\u010du, IP adresi, vremenskoj zoni i kola\u010di\u0107ima instaliranim na ure\u0111aju. Tako\u0111e, dok pregledate sajt, prikupljamo informacije o stranicama i proizvodima koje gledate, sajtovima ili pojmovima pretrage koji su Vas doveli do sajta i Va\u0161em na\u010dinu interakcije sa sajtom. Ovo nazivamo &#8222;Informacije o ure\u0111aju&#8220;.<\/p>\n<p>&nbsp;<\/p>\n<p>Koristimo slede\u0107e tehnologije za prikupljanje informacija:<\/p>\n<p>&nbsp;<\/p>\n<ul>\n<li><strong>Kola\u010di\u0107i:<\/strong> fajlovi podataka na Va\u0161em ure\u0111aju koji mogu sadr\u017eati jedinstveni anonimni identifikator. Vi\u0161e informacija na <a href=\"https:\/\/www.allaboutcookies.org\" target=\"_blank\" rel=\"noopener\">allaboutcookies.org<\/a>.<\/li>\n<li><strong>Log fajlovi:<\/strong> bele\u017ee aktivnosti na sajtu, uklju\u010duju\u0107i IP adresu, tip pretra\u017eiva\u010da, provajdera, stranice ulaska\/izlaska i vremenske oznake.<\/li>\n<li><strong>Web beaconi \/ tagovi \/ pikseli:<\/strong> elektronske datoteke koje bele\u017ee kako pregledate sajt.<\/li>\n<\/ul>\n<p>&nbsp;<\/p>\n<h4>Reklamne i analiti\u010dke usluge<\/h4>\n<p>&nbsp;<\/p>\n<ul>\n<li><strong>Facebook Lookalike publika:<\/strong> Tracker; Podaci o kori\u0161\u0107enju<\/li>\n<li><strong>Google Analytics, Facebook Pixel, Google Ads:<\/strong> Tracker; Podaci o kori\u0161\u0107enju<\/li>\n<li><strong>CookieYes:<\/strong> Tracker<\/li>\n<\/ul>\n<p>&nbsp;<\/p>\n<h4>Kontakt sa korisnicima<\/h4>\n<p>&nbsp;<\/p>\n<ul>\n<li><strong>Bilten:<\/strong> grad; zemlja; datum ro\u0111enja; e-mail; ime; prezime; broj telefona; pol; Tracker; Podaci o kori\u0161\u0107enju<\/li>\n<li><strong>Kontakt forma:<\/strong> razni tipovi podataka<\/li>\n<\/ul>\n<p>&nbsp;<\/p>\n<h4>Informacije o porud\u017ebini<\/h4>\n<p>&nbsp;<\/p>\n<p>Prikupljamo Va\u0161e ime, adresu za naplatu i isporuku, informacije o pla\u0107anju (uklju\u010duju\u0107i broj kartice), e-mail i broj telefona prilikom kupovine ili poku\u0161aja kupovine. Ovo nazivamo &#8222;Informacije o porud\u017ebini&#8220;.<\/p>\n<p>&nbsp;<\/p>\n<h4>Platforme i hosting<\/h4>\n<p>&nbsp;<\/p>\n<ul>\n<li><strong>WooCommerce, Shopify:<\/strong> adresa za naplatu; e-mail; podaci o ure\u0111aju; podaci o isporuci; info o pla\u0107anju; Tracker; Podaci o kori\u0161\u0107enju<\/li>\n<\/ul>\n<p>&nbsp;<\/p>\n<h4>Obrada pla\u0107anja<\/h4>\n<p>&nbsp;<\/p>\n<ul>\n<li><strong>PayPal, Stripe:<\/strong> Tracker; razli\u010diti tipovi podataka prema politici usluge<\/li>\n<\/ul>\n<p>&nbsp;<\/p>\n<h4>Interni alati<\/h4>\n<p>&nbsp;<\/p>\n<ul>\n<li><strong>Vlasnik podataka<\/strong><\/li>\n<\/ul>\n<p>&nbsp;<\/p>\n<h4>Geolokacija<\/h4>\n<p>&nbsp;<\/p>\n<ul>\n<li><strong>Geografska lokacija<\/strong><\/li>\n<\/ul>\n<p>&nbsp;<\/p>\n<h4>Marketing i poruke<\/h4>\n<p>&nbsp;<\/p>\n<ul>\n<li><strong>Mailchimp:<\/strong> Tracker; razli\u010diti tipovi podataka<\/li>\n<\/ul>\n<p>&nbsp;<\/p>\n<h4>Kako koristimo podatke<\/h4>\n<p>&nbsp;<\/p>\n<p>Informacije o porud\u017ebini koristimo za obradu kupovine, slanje proizvoda, fakturisanje, komunikaciju, otkrivanje prevara i marketin\u0161ke aktivnosti u skladu sa Va\u0161im preferencijama.<\/p>\n<p>&nbsp;<\/p>\n<p>Informacije o ure\u0111aju koristimo za detekciju prevara, unapre\u0111enje sajta i analizu pona\u0161anja korisnika.<\/p>\n<p>&nbsp;<\/p>\n<p>Va\u0161e podatke delimo sa pouzdanim partnerima (npr. WooCommerce, Shopify, Google, Facebook). Vi\u0161e informacija pogledajte u njihovim politikama privatnosti.<\/p>\n<p>&nbsp;<\/p>\n<h4>Remarketing<\/h4>\n<p>&nbsp;<\/p>\n<ul>\n<li><strong>Facebook i Google Ads Remarketing:<\/strong> Tracker; Podaci o kori\u0161\u0107enju<\/li>\n<li><strong>Facebook Custom Audience:<\/strong> e-mail; Tracker<\/li>\n<\/ul>\n<p>&nbsp;<\/p>\n<h4>Upravljanje oznakama<\/h4>\n<p>&nbsp;<\/p>\n<ul>\n<li><strong>Google Tag Manager:<\/strong> Tracker; Podaci o kori\u0161\u0107enju<\/li>\n<\/ul>\n<p>&nbsp;<\/p>\n<h4>Pona\u0161ajno ogla\u0161avanje<\/h4>\n<p>&nbsp;<\/p>\n<p>Koristimo podatke kako bismo Vam prikazivali personalizovane reklame. Vi\u0161e na <a href=\"https:\/\/www.networkadvertising.org\/understanding-online-advertising\/how-does-it-work\" target=\"_blank\" rel=\"noopener\">sajtu NAI<\/a>.<\/p>\n<p>&nbsp;<\/p>\n<p>Mo\u017eete se isklju\u010diti na slede\u0107im adresama:<\/p>\n<p>&nbsp;<\/p>\n<ul>\n<li><a href=\"https:\/\/www.facebook.com\/settings\/?tab=ads\" target=\"_blank\" rel=\"noopener\">Facebook<\/a><\/li>\n<li><a href=\"https:\/\/www.google.com\/settings\/ads\/anonymous\" target=\"_blank\" rel=\"noopener\">Google<\/a><\/li>\n<li><a href=\"https:\/\/advertise.bingads.microsoft.com\/en-us\/resources\/policies\/personalized-ads\" target=\"_blank\" rel=\"noopener\">Bing<\/a><\/li>\n<li><a href=\"https:\/\/optout.aboutads.info\/\" target=\"_blank\" rel=\"noopener\">Digital Advertising Alliance<\/a><\/li>\n<\/ul>\n<p>&nbsp;<\/p>\n<h4>Definicije<\/h4>\n<p>&nbsp;<\/p>\n<p><strong>Nalog:<\/strong> Profil korisnika za pristup usluzi.<\/p>\n<p><strong>Povezana firma:<\/strong> Subjekti pod istim vlasni\u0161tvom ili kontrolom.<\/p>\n<p><strong>Aplikacija:<\/strong> Strongweb Website Login.<\/p>\n<p><strong>Kompanija:<\/strong> StrongWeb LLC, 30 N Gould St Ste N, Sheridan, WY 82801.<\/p>\n<p><strong>Zemlja:<\/strong> Sjedinjene Ameri\u010dke Dr\u017eave (Wyoming).<\/p>\n<p><strong>Ure\u0111aj:<\/strong> Bilo koji ure\u0111aj kojim se pristupa usluzi.<\/p>\n<p><strong>Usluga:<\/strong> Aplikacija.<\/p>\n<p><strong>Pru\u017ealac usluge:<\/strong> Tre\u0107a lica koja obra\u0111uju podatke u na\u0161e ime.<\/p>\n<p><strong>Dru\u0161tvene mre\u017ee:<\/strong> Platforme za prijavu (Google, Facebook, Twitter, LinkedIn).<\/p>\n<p><strong>Podaci o kori\u0161\u0107enju:<\/strong> Podaci o pona\u0161anju i interakciji sa sajtom.<\/p>\n<p><strong>Vi:<\/strong> Korisnik ili organizacija u \u010dije ime se koristi usluga.<\/p>\n<p>&nbsp;<\/p>\n<h4>Prijava putem dru\u0161tvenih mre\u017ea<\/h4>\n<p>&nbsp;<\/p>\n<p>Ukoliko se prijavite putem naloga sa dru\u0161tvenih mre\u017ea, mo\u017eemo prikupiti povezane informacije (ime, e-mail, kontakti) uz Va\u0161u dozvolu.<\/p>\n<p>&nbsp;<\/p>\n<h4>&#8222;Ne prati&#8220; signal<\/h4>\n<p>&nbsp;<\/p>\n<p>Ne menjamo na\u0161e prakse kada detektujemo Do Not Track signal iz pretra\u017eiva\u010da.<\/p>\n<p>&nbsp;<\/p>\n<h4>Va\u0161a prava<\/h4>\n<p>&nbsp;<\/p>\n<p>Ako ste rezident EU, imate pravo na pristup, ispravku i brisanje podataka. Kontaktirajte nas putem <a href=\"mailto:office@strongweb.net\">office@strongweb.net<\/a>.<\/p>\n<p>&nbsp;<\/p>\n<p>Napomena: Va\u0161i podaci mogu biti preneseni u SAD ili Kanadu.<\/p>\n<p>&nbsp;<\/p>\n<h4>\u010cuvanje podataka<\/h4>\n<p>&nbsp;<\/p>\n<p>Va\u0161e podatke \u010duvamo dok ne zatra\u017eite njihovo brisanje.<\/p>\n<p>&nbsp;<\/p>\n<h4>Izmene politike<\/h4>\n<p>&nbsp;<\/p>\n<p>Ova politika mo\u017ee biti a\u017eurirana usled promena zakona, operativnih ili drugih razloga.<\/p>\n<p>&nbsp;<\/p>\n<h4>Kontakt<\/h4>\n<p>&nbsp;<\/p>\n<p>Za vi\u0161e informacija kontaktirajte nas:<br \/>\n<em>office@strongweb.net<\/em><br \/>\n<em>StrongWeb LLC, 30 N Gould St Ste N, Sheridan, WY 82801, SAD<\/em><\/p>\n<p>[\/vc_column_text][vc_empty_space height=&#8220;26px&#8220;][\/vc_column][\/vc_row]<\/p>\n<\/div>","protected":false},"excerpt":{"rendered":"<p>[vc_row row_content_width=&#8220;grid&#8220; enable_hue_rotation=&#8220;no&#8220; use_row_as_full_screen_section=&#8220;no&#8220; css=&#8220;.vc_custom_1486130225333{padding-bottom: 43px !important;}&#8220;][vc_column][vc_column_text el_class=&#8220;projectintronoimg&#8220; css=&#8220;.vc_custom_1682706926797{margin-right: 15% !important;margin-left: 15% !important;}&#8220;] Politika privatnosti [\/vc_column_text][vc_empty_space height=&#8220;50px&#8220;][vc_column_text css=&#8220;.vc_custom_1685550954892{margin-right: 15% !important;margin-left: 15% !important;}&#8220;] Politika privatnosti &nbsp; Ova politika privatnosti opisuje kako se Va\u0161i li\u010dni podaci prikupljaju, koriste i dele kada posetite [&hellip;]<\/p>\n","protected":false},"author":1,"featured_media":14830,"parent":0,"menu_order":0,"comment_status":"closed","ping_status":"closed","template":"full-width.php","meta":{"footnotes":""},"class_list":["post-15382","page","type-page","status-publish","has-post-thumbnail","hentry"],"yoast_head":"<!-- This site is optimized with the Yoast SEO Premium plugin v24.1 (Yoast SEO v25.3) - https:\/\/yoast.com\/wordpress\/plugins\/seo\/ -->\n<title>Politika privatnosti<\/title>\n<meta name=\"description\" content=\"STRONGWEB LLC prikuplja odre\u0111ene li\u010dne podatke svojih korisnika. Ovo je dokument o politici privatnosti. Mo\u017eete ga od\u0161tampati kori\u0161\u0107enjem komande za \u0161tampanje u pode\u0161avanjima bilo kog internet pregleda\u010da.\" \/>\n<meta name=\"robots\" content=\"index, follow, max-snippet:-1, max-image-preview:large, max-video-preview:-1\" \/>\n<link rel=\"canonical\" href=\"https:\/\/strongweb.net\/sr\/politika-privatnosti\/\" \/>\n<meta property=\"og:locale\" content=\"sr_RS\" \/>\n<meta property=\"og:type\" content=\"article\" \/>\n<meta property=\"og:title\" content=\"Politika privatnosti | Dizajn, web i brending \u2013 StrongWeb!\" \/>\n<meta property=\"og:description\" content=\"STRONGWEB LLC prikuplja odre\u0111ene li\u010dne podatke svojih korisnika. Ovo je dokument o politici privatnosti. Mo\u017eete ga od\u0161tampati kori\u0161\u0107enjem komande za \u0161tampanje u pode\u0161avanjima bilo kog internet pregleda\u010da.\" \/>\n<meta property=\"og:url\" content=\"https:\/\/strongweb.net\/sr\/politika-privatnosti\/\" \/>\n<meta property=\"og:site_name\" content=\"StrongWeb! Creative Group\" \/>\n<meta property=\"article:publisher\" content=\"https:\/\/www.facebook.com\/strongwebcreative\" \/>\n<meta property=\"article:modified_time\" content=\"2025-06-07T17:12:39+00:00\" \/>\n<meta property=\"og:image\" content=\"https:\/\/strongweb.net\/wp-content\/uploads\/2021\/08\/strongweb_logo_home_gold.jpg\" \/>\n\t<meta property=\"og:image:width\" content=\"2048\" \/>\n\t<meta property=\"og:image:height\" content=\"1365\" \/>\n\t<meta property=\"og:image:type\" content=\"image\/jpeg\" \/>\n<meta name=\"twitter:card\" content=\"summary_large_image\" \/>\n<meta name=\"twitter:title\" content=\"Politika privatnosti\" \/>\n<meta name=\"twitter:site\" content=\"@strongweb\" \/>\n<meta name=\"twitter:label1\" content=\"\u041f\u0440\u043e\u0446\u0435\u045a\u0435\u043d\u043e \u0432\u0440\u0435\u043c\u0435 \u0447\u0438\u0442\u0430\u045a\u0430\" \/>\n\t<meta name=\"twitter:data1\" content=\"3 \u043c\u0438\u043d\u0443\u0442\u0430\" \/>\n<!-- \/ Yoast SEO Premium plugin. -->","yoast_head_json":{"title":"Politika privatnosti","description":"STRONGWEB LLC prikuplja odre\u0111ene li\u010dne podatke svojih korisnika. Ovo je dokument o politici privatnosti. Mo\u017eete ga od\u0161tampati kori\u0161\u0107enjem komande za \u0161tampanje u pode\u0161avanjima bilo kog internet pregleda\u010da.","robots":{"index":"index","follow":"follow","max-snippet":"max-snippet:-1","max-image-preview":"max-image-preview:large","max-video-preview":"max-video-preview:-1"},"canonical":"https:\/\/strongweb.net\/sr\/politika-privatnosti\/","og_locale":"sr_RS","og_type":"article","og_title":"Politika privatnosti | Dizajn, web i brending \u2013 StrongWeb!","og_description":"STRONGWEB LLC prikuplja odre\u0111ene li\u010dne podatke svojih korisnika. Ovo je dokument o politici privatnosti. Mo\u017eete ga od\u0161tampati kori\u0161\u0107enjem komande za \u0161tampanje u pode\u0161avanjima bilo kog internet pregleda\u010da.","og_url":"https:\/\/strongweb.net\/sr\/politika-privatnosti\/","og_site_name":"StrongWeb! Creative Group","article_publisher":"https:\/\/www.facebook.com\/strongwebcreative","article_modified_time":"2025-06-07T17:12:39+00:00","og_image":[{"width":2048,"height":1365,"url":"https:\/\/strongweb.net\/wp-content\/uploads\/2021\/08\/strongweb_logo_home_gold.jpg","type":"image\/jpeg"}],"twitter_card":"summary_large_image","twitter_title":"Politika privatnosti","twitter_site":"@strongweb","twitter_misc":{"\u041f\u0440\u043e\u0446\u0435\u045a\u0435\u043d\u043e \u0432\u0440\u0435\u043c\u0435 \u0447\u0438\u0442\u0430\u045a\u0430":"3 \u043c\u0438\u043d\u0443\u0442\u0430"},"schema":{"@context":"https:\/\/schema.org","@graph":[{"@type":"WebPage","@id":"https:\/\/strongweb.net\/sr\/politika-privatnosti\/","url":"https:\/\/strongweb.net\/sr\/politika-privatnosti\/","name":"Politika privatnosti","isPartOf":{"@id":"https:\/\/strongweb.net\/#website"},"primaryImageOfPage":{"@id":"https:\/\/strongweb.net\/sr\/politika-privatnosti\/#primaryimage"},"image":{"@id":"https:\/\/strongweb.net\/sr\/politika-privatnosti\/#primaryimage"},"thumbnailUrl":"https:\/\/strongweb.net\/wp-content\/uploads\/2021\/08\/strongweb_logo_home_gold.jpg","datePublished":"2023-04-28T16:55:08+00:00","dateModified":"2025-06-07T17:12:39+00:00","description":"STRONGWEB LLC prikuplja odre\u0111ene li\u010dne podatke svojih korisnika. Ovo je dokument o politici privatnosti. Mo\u017eete ga od\u0161tampati kori\u0161\u0107enjem komande za \u0161tampanje u pode\u0161avanjima bilo kog internet pregleda\u010da.","breadcrumb":{"@id":"https:\/\/strongweb.net\/sr\/politika-privatnosti\/#breadcrumb"},"inLanguage":"sr-RS","potentialAction":[{"@type":"ReadAction","target":["https:\/\/strongweb.net\/sr\/politika-privatnosti\/"]}]},{"@type":"ImageObject","inLanguage":"sr-RS","@id":"https:\/\/strongweb.net\/sr\/politika-privatnosti\/#primaryimage","url":"https:\/\/strongweb.net\/wp-content\/uploads\/2021\/08\/strongweb_logo_home_gold.jpg","contentUrl":"https:\/\/strongweb.net\/wp-content\/uploads\/2021\/08\/strongweb_logo_home_gold.jpg","width":2048,"height":1365,"caption":"StrongWeb Creative Group - Graphic Design Agency"},{"@type":"BreadcrumbList","@id":"https:\/\/strongweb.net\/sr\/politika-privatnosti\/#breadcrumb","itemListElement":[{"@type":"ListItem","position":1,"name":"Home","item":"https:\/\/strongweb.net\/sr\/"},{"@type":"ListItem","position":2,"name":"Politika privatnosti"}]},{"@type":"WebSite","@id":"https:\/\/strongweb.net\/#website","url":"https:\/\/strongweb.net\/","name":"StrongWeb! Creative Group","description":"Graphic Design Agency","publisher":{"@id":"https:\/\/strongweb.net\/#organization"},"potentialAction":[{"@type":"SearchAction","target":{"@type":"EntryPoint","urlTemplate":"https:\/\/strongweb.net\/?s={search_term_string}"},"query-input":{"@type":"PropertyValueSpecification","valueRequired":true,"valueName":"search_term_string"}}],"inLanguage":"sr-RS"},{"@type":"Organization","@id":"https:\/\/strongweb.net\/#organization","name":"StrongWeb Creative Group","url":"https:\/\/strongweb.net\/","logo":{"@type":"ImageObject","inLanguage":"sr-RS","@id":"https:\/\/strongweb.net\/#\/schema\/logo\/image\/","url":"https:\/\/strongweb.net\/wp-content\/uploads\/2021\/08\/strongweb.logo_.png","contentUrl":"https:\/\/strongweb.net\/wp-content\/uploads\/2021\/08\/strongweb.logo_.png","width":1000,"height":1000,"caption":"StrongWeb Creative Group"},"image":{"@id":"https:\/\/strongweb.net\/#\/schema\/logo\/image\/"},"sameAs":["https:\/\/www.facebook.com\/strongwebcreative","https:\/\/x.com\/strongweb","https:\/\/www.instagram.com\/strongwebcreative\/"]}]}},"_links":{"self":[{"href":"https:\/\/strongweb.net\/sr\/wp-json\/wp\/v2\/pages\/15382","targetHints":{"allow":["GET"]}}],"collection":[{"href":"https:\/\/strongweb.net\/sr\/wp-json\/wp\/v2\/pages"}],"about":[{"href":"https:\/\/strongweb.net\/sr\/wp-json\/wp\/v2\/types\/page"}],"author":[{"embeddable":true,"href":"https:\/\/strongweb.net\/sr\/wp-json\/wp\/v2\/users\/1"}],"replies":[{"embeddable":true,"href":"https:\/\/strongweb.net\/sr\/wp-json\/wp\/v2\/comments?post=15382"}],"version-history":[{"count":6,"href":"https:\/\/strongweb.net\/sr\/wp-json\/wp\/v2\/pages\/15382\/revisions"}],"predecessor-version":[{"id":15409,"href":"https:\/\/strongweb.net\/sr\/wp-json\/wp\/v2\/pages\/15382\/revisions\/15409"}],"wp:featuredmedia":[{"embeddable":true,"href":"https:\/\/strongweb.net\/sr\/wp-json\/wp\/v2\/media\/14830"}],"wp:attachment":[{"href":"https:\/\/strongweb.net\/sr\/wp-json\/wp\/v2\/media?parent=15382"}],"curies":[{"name":"wp","href":"https:\/\/api.w.org\/{rel}","templated":true}]}}