{"id":15379,"date":"2017-02-03T13:34:23","date_gmt":"2017-02-03T12:34:23","guid":{"rendered":"https:\/\/strongweb.net\/kontakt\/"},"modified":"2025-06-07T19:09:33","modified_gmt":"2025-06-07T17:09:33","slug":"javite-nam-se","status":"publish","type":"page","link":"https:\/\/strongweb.net\/sr\/javite-nam-se\/","title":{"rendered":"Kontakt"},"content":{"rendered":"<div class=\"wpb-content-wrapper\"><p>[vc_row row_content_width=&#8220;grid&#8220; enable_hue_rotation=&#8220;no&#8220; use_row_as_full_screen_section=&#8220;no&#8220; css=&#8220;.vc_custom_1486130225333{padding-bottom: 43px !important;}&#8220;][vc_column][vc_column_text css=&#8220;&#8220; el_class=&#8220;projectintronoimg&#8220;]<\/p>\n<p style=\"text-align: center;\">Dizajn bez granica.<\/p>\n<p style=\"text-align: center;\">Radimo \u0161irom sveta. Dobrodo\u0161li!<\/p>\n<p>[\/vc_column_text][vc_empty_space height=&#8220;20px&#8220;][vc_column_text]<\/p>\n<p style=\"text-align: center;\">Mi smo agencija za grafi\u010dki dizajn specijalizovana za vizuelne identitete, komunikaciju i fotografiju. Radimo sa razli\u010ditim klijentima i nudimo kreativne i komunikacione usluge poput brendiranja, web prisustva i ogla\u0161avanja kroz razne medije \u2014 kako \u0161tampane, tako i digitalne. Ako verujete da mo\u017eemo da vam pomognemo u va\u0161em poduhvatu, slobodno nas kontaktirajte.<\/p>\n<p>[\/vc_column_text][vc_empty_space height=&#8220;26px&#8220;][\/vc_column][\/vc_row][vc_row row_content_width=&#8220;grid&#8220; enable_hue_rotation=&#8220;no&#8220; use_row_as_full_screen_section=&#8220;no&#8220;][vc_column width=&#8220;1\/2&#8243;][vc_row_inner css=&#8220;.vc_custom_1627746916584{margin-top: 10px !important;}&#8220;][vc_column_inner][vc_column_text css=&#8220;&#8220; el_class=&#8220;projectintrosubtitles&#8220;]<\/p>\n<p style=\"text-align: center;\">Sedi\u0161te<br \/>\n&amp;<br \/>\nposlovna adresa<\/p>\n<p>[\/vc_column_text][vc_column_text]<\/p>\n<p style=\"text-align: center;\">30 N Gould St Ste N<br \/>\nSheridan, WY 82801<br \/>\n+1 307 215 7247<br \/>\noffice@strongweb.net<\/p>\n<p>[\/vc_column_text][vc_empty_space][vc_column_text css=&#8220;&#8220; el_class=&#8220;projectintrosubtitles&#8220;]<\/p>\n<p style=\"text-align: center;\">RS Belgrade Office<br \/>\n&amp;<br \/>\nupiti o saradnji<\/p>\n<p>[\/vc_column_text][vc_column_text]<\/p>\n<p style=\"text-align: center;\">Bo\u0161ko Radulovi\u0107<br \/>\nKreativni direktor<br \/>\n+381 63 77 66 797<br \/>\nbosko@strongweb.net<\/p>\n<p>[\/vc_column_text][\/vc_column_inner][\/vc_row_inner][\/vc_column][vc_column width=&#8220;1\/2&#8243; css=&#8220;.vc_custom_1627746869314{margin-top: 10px !important;}&#8220;][vc_column_text css=&#8220;.vc_custom_1627746809687{margin-bottom: 25px !important;}&#8220; el_class=&#8220;projectintrosubtitles&#8220;]<\/p>\n<p style=\"text-align: center;\">Za sve ostale<br \/>\ninformacije<\/p>\n<p>[\/vc_column_text]\n<div class=\"wpcf7 no-js\" id=\"wpcf7-f9-o1\" lang=\"en-US\" dir=\"ltr\" data-wpcf7-id=\"9\">\n<div class=\"screen-reader-response\"><p role=\"status\" aria-live=\"polite\" aria-atomic=\"true\"><\/p> <ul><\/ul><\/div>\n<form action=\"\/sr\/wp-json\/wp\/v2\/pages\/15379#wpcf7-f9-o1\" method=\"post\" class=\"wpcf7-form init cf7_custom_style_3\" aria-label=\"Contact form\" novalidate=\"novalidate\" data-status=\"init\">\n<div style=\"display: none;\">\n<input type=\"hidden\" name=\"_wpcf7\" value=\"9\" \/>\n<input type=\"hidden\" name=\"_wpcf7_version\" value=\"6.0.6\" \/>\n<input type=\"hidden\" name=\"_wpcf7_locale\" value=\"en_US\" \/>\n<input type=\"hidden\" name=\"_wpcf7_unit_tag\" value=\"wpcf7-f9-o1\" \/>\n<input type=\"hidden\" name=\"_wpcf7_container_post\" value=\"0\" \/>\n<input type=\"hidden\" name=\"_wpcf7_posted_data_hash\" value=\"\" \/>\n<input type=\"hidden\" name=\"_wpcf7_recaptcha_response\" value=\"\" \/>\n<\/div>\n<p><span class=\"wpcf7-form-control-wrap\" data-name=\"your-name\"><input size=\"40\" maxlength=\"400\" class=\"wpcf7-form-control wpcf7-text wpcf7-validates-as-required\" aria-required=\"true\" aria-invalid=\"false\" placeholder=\"Name\" value=\"\" type=\"text\" name=\"your-name\" \/><\/span><br \/>\n<span class=\"wpcf7-form-control-wrap\" data-name=\"your-email\"><input size=\"40\" maxlength=\"400\" class=\"wpcf7-form-control wpcf7-email wpcf7-validates-as-required wpcf7-text wpcf7-validates-as-email\" aria-required=\"true\" aria-invalid=\"false\" placeholder=\"Email\" value=\"\" type=\"email\" name=\"your-email\" \/><\/span><br \/>\n<span class=\"wpcf7-form-control-wrap\" data-name=\"your-company\"><input size=\"40\" maxlength=\"400\" class=\"wpcf7-form-control wpcf7-text wpcf7-validates-as-required\" aria-required=\"true\" aria-invalid=\"false\" placeholder=\"Company\" value=\"\" type=\"text\" name=\"your-company\" \/><\/span><br \/>\n<span class=\"wpcf7-form-control-wrap\" data-name=\"your-message\"><textarea cols=\"40\" rows=\"10\" maxlength=\"2000\" class=\"wpcf7-form-control wpcf7-textarea\" aria-invalid=\"false\" placeholder=\"Message\" name=\"your-message\"><\/textarea><\/span><br \/>\n<input class=\"wpcf7-form-control wpcf7-submit has-spinner\" type=\"submit\" value=\"submit\" \/>\n<\/p><p style=\"display: none !important;\" class=\"akismet-fields-container\" data-prefix=\"_wpcf7_ak_\"><label>&#916;<textarea name=\"_wpcf7_ak_hp_textarea\" cols=\"45\" rows=\"8\" maxlength=\"100\"><\/textarea><\/label><input type=\"hidden\" id=\"ak_js_1\" name=\"_wpcf7_ak_js\" value=\"128\"\/><script>document.getElementById( \"ak_js_1\" ).setAttribute( \"value\", ( new Date() ).getTime() );<\/script><\/p><div class=\"wpcf7-response-output\" aria-hidden=\"true\"><\/div>\n<\/form>\n<\/div>\n[\/vc_column][vc_column][\/vc_column][\/vc_row]<\/p>\n<\/div>","protected":false},"excerpt":{"rendered":"<p>[vc_row row_content_width=&#8220;grid&#8220; enable_hue_rotation=&#8220;no&#8220; use_row_as_full_screen_section=&#8220;no&#8220; css=&#8220;.vc_custom_1486130225333{padding-bottom: 43px !important;}&#8220;][vc_column][vc_column_text css=&#8220;&#8220; el_class=&#8220;projectintronoimg&#8220;] Dizajn bez granica. Radimo \u0161irom sveta. Dobrodo\u0161li! [\/vc_column_text][vc_empty_space height=&#8220;20px&#8220;][vc_column_text] Mi smo agencija za grafi\u010dki dizajn specijalizovana za vizuelne identitete, komunikaciju i fotografiju. Radimo sa razli\u010ditim klijentima i nudimo kreativne i komunikacione [&hellip;]<\/p>\n","protected":false},"author":1,"featured_media":14859,"parent":0,"menu_order":0,"comment_status":"closed","ping_status":"closed","template":"full-width.php","meta":{"footnotes":""},"class_list":["post-15379","page","type-page","status-publish","has-post-thumbnail","hentry"],"yoast_head":"<!-- This site is optimized with the Yoast SEO Premium plugin v24.1 (Yoast SEO v25.3) - https:\/\/yoast.com\/wordpress\/plugins\/seo\/ -->\n<title>Kontakt | Dizajn, web i brending \u2013 StrongWeb!<\/title>\n<meta name=\"description\" content=\"Kreativna grupa StrongWeb! je studio za grafi\u010dki dizajn, specijalizovan za vizuelne identitete, web, komunikaciju i fotografiju. Nalazimo se u Beogradu, Srbija. Radimo \u0161irom sveta. Dobrodo\u0161li.\" \/>\n<meta name=\"robots\" content=\"index, follow, max-snippet:-1, max-image-preview:large, max-video-preview:-1\" \/>\n<link rel=\"canonical\" href=\"https:\/\/strongweb.net\/sr\/javite-nam-se\/\" \/>\n<meta property=\"og:locale\" content=\"sr_RS\" \/>\n<meta property=\"og:type\" content=\"article\" \/>\n<meta property=\"og:title\" content=\"Kontakt | Dizajn, web i brending \u2013 StrongWeb!\" \/>\n<meta property=\"og:description\" content=\"Kreativna grupa StrongWeb! je studio za grafi\u010dki dizajn, specijalizovan za vizuelne identitete, web, komunikaciju i fotografiju. Nalazimo se u Beogradu, Srbija. Radimo \u0161irom sveta. Dobrodo\u0161li.\" \/>\n<meta property=\"og:url\" content=\"https:\/\/strongweb.net\/sr\/javite-nam-se\/\" \/>\n<meta property=\"og:site_name\" content=\"StrongWeb! Creative Group\" \/>\n<meta property=\"article:publisher\" content=\"https:\/\/www.facebook.com\/strongwebcreative\" \/>\n<meta property=\"article:modified_time\" content=\"2025-06-07T17:09:33+00:00\" \/>\n<meta property=\"og:image\" content=\"https:\/\/strongweb.net\/wp-content\/uploads\/2021\/10\/strongweb_forweb.jpg\" \/>\n\t<meta property=\"og:image:width\" content=\"2000\" \/>\n\t<meta property=\"og:image:height\" content=\"1125\" \/>\n\t<meta property=\"og:image:type\" content=\"image\/jpeg\" \/>\n<meta name=\"twitter:card\" content=\"summary_large_image\" \/>\n<meta name=\"twitter:title\" content=\"Kontakt\" \/>\n<meta name=\"twitter:site\" content=\"@strongweb\" \/>\n<meta name=\"twitter:label1\" content=\"\u041f\u0440\u043e\u0446\u0435\u045a\u0435\u043d\u043e \u0432\u0440\u0435\u043c\u0435 \u0447\u0438\u0442\u0430\u045a\u0430\" \/>\n\t<meta name=\"twitter:data1\" content=\"1 \u043c\u0438\u043d\u0443\u0442\" \/>\n<!-- \/ Yoast SEO Premium plugin. -->","yoast_head_json":{"title":"Kontakt | Dizajn, web i brending \u2013 StrongWeb!","description":"Kreativna grupa StrongWeb! je studio za grafi\u010dki dizajn, specijalizovan za vizuelne identitete, web, komunikaciju i fotografiju. Nalazimo se u Beogradu, Srbija. Radimo \u0161irom sveta. Dobrodo\u0161li.","robots":{"index":"index","follow":"follow","max-snippet":"max-snippet:-1","max-image-preview":"max-image-preview:large","max-video-preview":"max-video-preview:-1"},"canonical":"https:\/\/strongweb.net\/sr\/javite-nam-se\/","og_locale":"sr_RS","og_type":"article","og_title":"Kontakt | Dizajn, web i brending \u2013 StrongWeb!","og_description":"Kreativna grupa StrongWeb! je studio za grafi\u010dki dizajn, specijalizovan za vizuelne identitete, web, komunikaciju i fotografiju. Nalazimo se u Beogradu, Srbija. Radimo \u0161irom sveta. Dobrodo\u0161li.","og_url":"https:\/\/strongweb.net\/sr\/javite-nam-se\/","og_site_name":"StrongWeb! Creative Group","article_publisher":"https:\/\/www.facebook.com\/strongwebcreative","article_modified_time":"2025-06-07T17:09:33+00:00","og_image":[{"width":2000,"height":1125,"url":"https:\/\/strongweb.net\/wp-content\/uploads\/2021\/10\/strongweb_forweb.jpg","type":"image\/jpeg"}],"twitter_card":"summary_large_image","twitter_title":"Kontakt","twitter_site":"@strongweb","twitter_misc":{"\u041f\u0440\u043e\u0446\u0435\u045a\u0435\u043d\u043e \u0432\u0440\u0435\u043c\u0435 \u0447\u0438\u0442\u0430\u045a\u0430":"1 \u043c\u0438\u043d\u0443\u0442"},"schema":{"@context":"https:\/\/schema.org","@graph":[{"@type":"WebPage","@id":"https:\/\/strongweb.net\/sr\/javite-nam-se\/","url":"https:\/\/strongweb.net\/sr\/javite-nam-se\/","name":"Kontakt | Dizajn, web i brending \u2013 StrongWeb!","isPartOf":{"@id":"https:\/\/strongweb.net\/#website"},"primaryImageOfPage":{"@id":"https:\/\/strongweb.net\/sr\/javite-nam-se\/#primaryimage"},"image":{"@id":"https:\/\/strongweb.net\/sr\/javite-nam-se\/#primaryimage"},"thumbnailUrl":"https:\/\/strongweb.net\/wp-content\/uploads\/2021\/10\/strongweb_forweb.jpg","datePublished":"2017-02-03T12:34:23+00:00","dateModified":"2025-06-07T17:09:33+00:00","description":"Kreativna grupa StrongWeb! je studio za grafi\u010dki dizajn, specijalizovan za vizuelne identitete, web, komunikaciju i fotografiju. Nalazimo se u Beogradu, Srbija. Radimo \u0161irom sveta. Dobrodo\u0161li.","breadcrumb":{"@id":"https:\/\/strongweb.net\/sr\/javite-nam-se\/#breadcrumb"},"inLanguage":"sr-RS","potentialAction":[{"@type":"ReadAction","target":["https:\/\/strongweb.net\/sr\/javite-nam-se\/"]}]},{"@type":"ImageObject","inLanguage":"sr-RS","@id":"https:\/\/strongweb.net\/sr\/javite-nam-se\/#primaryimage","url":"https:\/\/strongweb.net\/wp-content\/uploads\/2021\/10\/strongweb_forweb.jpg","contentUrl":"https:\/\/strongweb.net\/wp-content\/uploads\/2021\/10\/strongweb_forweb.jpg","width":2000,"height":1125,"caption":"StrongWeb! Creative Group - Graphic Design Studio Studio za grafi\u010dki dizajn i brending"},{"@type":"BreadcrumbList","@id":"https:\/\/strongweb.net\/sr\/javite-nam-se\/#breadcrumb","itemListElement":[{"@type":"ListItem","position":1,"name":"Home","item":"https:\/\/strongweb.net\/sr\/"},{"@type":"ListItem","position":2,"name":"Kontakt"}]},{"@type":"WebSite","@id":"https:\/\/strongweb.net\/#website","url":"https:\/\/strongweb.net\/","name":"StrongWeb! Creative Group","description":"Graphic Design Agency","publisher":{"@id":"https:\/\/strongweb.net\/#organization"},"potentialAction":[{"@type":"SearchAction","target":{"@type":"EntryPoint","urlTemplate":"https:\/\/strongweb.net\/?s={search_term_string}"},"query-input":{"@type":"PropertyValueSpecification","valueRequired":true,"valueName":"search_term_string"}}],"inLanguage":"sr-RS"},{"@type":"Organization","@id":"https:\/\/strongweb.net\/#organization","name":"StrongWeb Creative Group","url":"https:\/\/strongweb.net\/","logo":{"@type":"ImageObject","inLanguage":"sr-RS","@id":"https:\/\/strongweb.net\/#\/schema\/logo\/image\/","url":"https:\/\/strongweb.net\/wp-content\/uploads\/2021\/08\/strongweb.logo_.png","contentUrl":"https:\/\/strongweb.net\/wp-content\/uploads\/2021\/08\/strongweb.logo_.png","width":1000,"height":1000,"caption":"StrongWeb Creative Group"},"image":{"@id":"https:\/\/strongweb.net\/#\/schema\/logo\/image\/"},"sameAs":["https:\/\/www.facebook.com\/strongwebcreative","https:\/\/x.com\/strongweb","https:\/\/www.instagram.com\/strongwebcreative\/"]}]}},"_links":{"self":[{"href":"https:\/\/strongweb.net\/sr\/wp-json\/wp\/v2\/pages\/15379","targetHints":{"allow":["GET"]}}],"collection":[{"href":"https:\/\/strongweb.net\/sr\/wp-json\/wp\/v2\/pages"}],"about":[{"href":"https:\/\/strongweb.net\/sr\/wp-json\/wp\/v2\/types\/page"}],"author":[{"embeddable":true,"href":"https:\/\/strongweb.net\/sr\/wp-json\/wp\/v2\/users\/1"}],"replies":[{"embeddable":true,"href":"https:\/\/strongweb.net\/sr\/wp-json\/wp\/v2\/comments?post=15379"}],"version-history":[{"count":4,"href":"https:\/\/strongweb.net\/sr\/wp-json\/wp\/v2\/pages\/15379\/revisions"}],"predecessor-version":[{"id":15398,"href":"https:\/\/strongweb.net\/sr\/wp-json\/wp\/v2\/pages\/15379\/revisions\/15398"}],"wp:featuredmedia":[{"embeddable":true,"href":"https:\/\/strongweb.net\/sr\/wp-json\/wp\/v2\/media\/14859"}],"wp:attachment":[{"href":"https:\/\/strongweb.net\/sr\/wp-json\/wp\/v2\/media?parent=15379"}],"curies":[{"name":"wp","href":"https:\/\/api.w.org\/{rel}","templated":true}]}}