{"id":15374,"date":"2021-07-31T10:43:04","date_gmt":"2021-07-31T08:43:04","guid":{"rendered":"https:\/\/strongweb.net\/o-nama\/"},"modified":"2025-09-05T14:51:53","modified_gmt":"2025-09-05T12:51:53","slug":"o-nama","status":"publish","type":"page","link":"https:\/\/strongweb.net\/sr\/o-nama\/","title":{"rendered":"O nama"},"content":{"rendered":"<div class=\"wpb-content-wrapper\"><p>[vc_row row_content_width=&#8220;grid&#8220; content_text_aligment=&#8220;center&#8220; enable_hue_rotation=&#8220;no&#8220; use_row_as_full_screen_section=&#8220;no&#8220; css=&#8220;.vc_custom_1628000815514{margin-top: 60px !important;}&#8220;][vc_column]<div class=\"qodef-elements-holder qodef-one-column qodef-responsive-mode-768\" ><div class=\"qodef-eh-item qodef-horizontal-alignment-center\"  data-item-class=\"qodef-eh-custom-604658\">\n\t<div class=\"qodef-eh-item-inner\">\n\t\t<div class=\"qodef-eh-item-content qodef-eh-custom-604658\" style=\"padding: 0% 0% 0% 0%\">\n\t\t\t<div class=\"qodef-custom-font qodef-custom-font-text-reveal\" style=\"font-family: poppins;font-size: 100px;line-height: 130px;font-weight: 700;text-align: center;color: #000000\" data-font-size= 100 data-line-height= 130>\n    <div class=\"qodef-text-reveal-holder\">\n        <div class=\"qodef-text-reveal-wrap\">\n                            <div class=\"qodef-text-reveal\">\n                    <span class=\"text reveal-1\">Vizuelno<\/span>\n                    <span class=\"qodef-element-reveal\" ><\/span>\n                <\/div>\n                            <div class=\"qodef-text-reveal reveal-2\">\n                    <span class=\"text\">je<\/span>\n                    <span class=\"qodef-element-reveal\" style=\"background-color: #000000\"><\/span>\n                <\/div>\n                            <div class=\"qodef-text-reveal reveal-3\">\n                    <span class=\"text\">na\u0161 jezik<\/span>\n                    <span class=\"qodef-element-reveal\" style=\"background-color: #000000\"><\/span>\n                <\/div>\n                    <\/div>\n    <\/div>\n<\/div>\t\t<\/div>\n\t<\/div>\n<\/div><\/div>[\/vc_column][\/vc_row][vc_row content_placement=&#8220;top&#8220; row_content_width=&#8220;grid&#8220; content_text_aligment=&#8220;center&#8220; enable_hue_rotation=&#8220;no&#8220; use_row_as_full_screen_section=&#8220;yes&#8220; el_class=&#8220;projectintro&#8220;][vc_column]<div class=\"qodef-elements-holder qodef-one-column qodef-responsive-mode-768\" ><div class=\"qodef-eh-item \"  data-item-class=\"qodef-eh-custom-315611\">\n\t<div class=\"qodef-eh-item-inner\">\n\t\t<div class=\"qodef-eh-item-content qodef-eh-custom-315611\" style=\"padding: 7% 0% 12% 0%\">\n\t\t\t[vc_column_text css=&#8220;&#8220; el_class=&#8220;projectintro&#8220;]<\/p>\n<p style=\"text-align: center;\">Mi smo agencija za grafi\u010dki dizajn koja pru\u017ea vizuelne i komunikacione usluge kao \u0161to su dizajn identiteta, brending, prisustvo na vebu i ogla\u0161avanje kroz razli\u010dite medije \u2013 kako \u0161tampane, tako i digitalne.<\/p>\n<p>[\/vc_column_text]\t\t<\/div>\n\t<\/div>\n<\/div><\/div>[\/vc_column][\/vc_row][vc_row row_content_width=&#8220;grid&#8220; content_text_aligment=&#8220;center&#8220; enable_hue_rotation=&#8220;no&#8220; use_row_as_full_screen_section=&#8220;no&#8220; el_class=&#8220;projectintro&#8220;][vc_column]<div class=\"qodef-elements-holder qodef-one-column qodef-responsive-mode-768\" ><div class=\"qodef-eh-item qodef-horizontal-alignment-center\"  data-item-class=\"qodef-eh-custom-640810\">\n\t<div class=\"qodef-eh-item-inner\">\n\t\t<div class=\"qodef-eh-item-content qodef-eh-custom-640810\" style=\"padding: 7% 0% 0% 0%\">\n\t\t\t<div class=\"qodef-custom-font qodef-custom-font-text-reveal\" style=\"font-family: poppins;font-size: 100px;line-height: 130px;font-weight: 700;text-align: center;color: #000000\" data-font-size= 100 data-line-height= 130>\n    <div class=\"qodef-text-reveal-holder\">\n        <div class=\"qodef-text-reveal-wrap\">\n                            <div class=\"qodef-text-reveal\">\n                    <span class=\"text reveal-1\">Zajedno<\/span>\n                    <span class=\"qodef-element-reveal\" ><\/span>\n                <\/div>\n                            <div class=\"qodef-text-reveal reveal-2\">\n                    <span class=\"text\">smo<\/span>\n                    <span class=\"qodef-element-reveal\" style=\"background-color: #000000\"><\/span>\n                <\/div>\n                            <div class=\"qodef-text-reveal reveal-3\">\n                    <span class=\"text\">odavno<\/span>\n                    <span class=\"qodef-element-reveal\" style=\"background-color: #000000\"><\/span>\n                <\/div>\n                    <\/div>\n    <\/div>\n<\/div>\t\t<\/div>\n\t<\/div>\n<\/div><\/div>[\/vc_column][\/vc_row][vc_row content_placement=&#8220;middle&#8220; row_content_width=&#8220;grid&#8220; content_text_aligment=&#8220;center&#8220; enable_hue_rotation=&#8220;no&#8220; use_row_as_full_screen_section=&#8220;yes&#8220; el_class=&#8220;projectintro&#8220;][vc_column]<div class=\"qodef-elements-holder qodef-one-column qodef-responsive-mode-768\" ><div class=\"qodef-eh-item \"  data-item-class=\"qodef-eh-custom-503775\">\n\t<div class=\"qodef-eh-item-inner\">\n\t\t<div class=\"qodef-eh-item-content qodef-eh-custom-503775\" style=\"padding: 7% 0% 12% 0%\">\n\t\t\t[vc_column_text css=&#8220;&#8220; el_class=&#8220;projectintro&#8220;]<\/p>\n<p style=\"text-align: center;\">StrongWeb! je osnovan 2007. godine u Beogradu, Srbija, i od tada je stekao nacionalna i me\u0111unarodna priznanja za svoj rad. Od 2023. godine poslujemo i u Sjedinjenim Ameri\u010dkim Dr\u017eavama pod imenom StrongWeb LLC.<\/p>\n<p>[\/vc_column_text]\t\t<\/div>\n\t<\/div>\n<\/div><\/div>[\/vc_column][\/vc_row][vc_row row_content_width=&#8220;grid&#8220; content_text_aligment=&#8220;center&#8220; enable_hue_rotation=&#8220;no&#8220; use_row_as_full_screen_section=&#8220;no&#8220; el_class=&#8220;projectintro&#8220;][vc_column]<div class=\"qodef-elements-holder qodef-one-column qodef-responsive-mode-768\" ><div class=\"qodef-eh-item qodef-horizontal-alignment-center\"  data-item-class=\"qodef-eh-custom-486810\">\n\t<div class=\"qodef-eh-item-inner\">\n\t\t<div class=\"qodef-eh-item-content qodef-eh-custom-486810\" style=\"padding: 7% 0% 0% 0%\">\n\t\t\t<div class=\"qodef-custom-font qodef-custom-font-text-reveal\" style=\"font-family: poppins;font-size: 100px;line-height: 130px;font-weight: 700;text-align: center;color: #000000\" data-font-size= 100 data-line-height= 130>\n    <div class=\"qodef-text-reveal-holder\">\n        <div class=\"qodef-text-reveal-wrap\">\n                            <div class=\"qodef-text-reveal\">\n                    <span class=\"text reveal-1\">Radimo<\/span>\n                    <span class=\"qodef-element-reveal\" ><\/span>\n                <\/div>\n                            <div class=\"qodef-text-reveal reveal-2\">\n                    <span class=\"text\">za velike<\/span>\n                    <span class=\"qodef-element-reveal\" style=\"background-color: #000000\"><\/span>\n                <\/div>\n                            <div class=\"qodef-text-reveal reveal-3\">\n                    <span class=\"text\">i male<\/span>\n                    <span class=\"qodef-element-reveal\" style=\"background-color: #000000\"><\/span>\n                <\/div>\n                    <\/div>\n    <\/div>\n<\/div>\t\t<\/div>\n\t<\/div>\n<\/div><\/div>[\/vc_column][\/vc_row][vc_row content_placement=&#8220;middle&#8220; row_content_width=&#8220;grid&#8220; content_text_aligment=&#8220;center&#8220; enable_hue_rotation=&#8220;no&#8220; use_row_as_full_screen_section=&#8220;no&#8220; el_class=&#8220;projectintro&#8220;][vc_column]<div class=\"qodef-elements-holder qodef-one-column qodef-responsive-mode-768\" ><div class=\"qodef-eh-item \"  data-item-class=\"qodef-eh-custom-738091\">\n\t<div class=\"qodef-eh-item-inner\">\n\t\t<div class=\"qodef-eh-item-content qodef-eh-custom-738091\" style=\"padding: 7% 0% 12% 0%\">\n\t\t\t[vc_column_text css=&#8220;&#8220; el_class=&#8220;projectintro&#8220;]<\/p>\n<p style=\"text-align: center;\">Tokom godina, StrongWeb je upravljao vizuelnom komunikacijom za cenjene klijente: <a href=\"https:\/\/www.terra-world.com\/\">TERRA World<\/a>, Agencija za media audit ABC Srbija, <a href=\"https:\/\/medelnet.eu\/\">Magistrats Europ\u00e9ens pour la D\u00e9mocratie et les Libert\u00e9s \u2013 MEDEL<\/a>, <a href=\"https:\/\/uts.org.rs\/\">Udru\u017eenje javnih tu\u017eilaca Srbije \u2013 UTS<\/a>, CorD magazin, Konsultantska i marketin\u0161ka agencija \u2013 CMA, Alliance International Media \u2013 AIM, Expat i mnogi drugi.<\/p>\n<p>[\/vc_column_text]\t\t<\/div>\n\t<\/div>\n<\/div><\/div>[\/vc_column][\/vc_row][vc_row row_content_width=&#8220;grid&#8220; content_text_aligment=&#8220;center&#8220; enable_hue_rotation=&#8220;no&#8220; use_row_as_full_screen_section=&#8220;no&#8220;][vc_column]<div class=\"qodef-elements-holder qodef-one-column qodef-responsive-mode-768\" ><div class=\"qodef-eh-item \"  data-item-class=\"qodef-eh-custom-519712\">\n\t<div class=\"qodef-eh-item-inner\">\n\t\t<div class=\"qodef-eh-item-content qodef-eh-custom-519712\" style=\"padding: 5% 0% 7% 0%\">\n\t\t\t<div class=\"qodef-custom-font qodef-custom-font-custom-link\" data-font-size= 40 data-line-height= 40>\n    <a itemprop=\"url\" class=\"qodef-custom-font-link\" href=\"https:\/\/strongweb.net\/javite-nam-se\/\" target=\"_self\" style=\"font-family: strongwebregular;font-size: 40px;line-height: 40px;font-weight: 500;color: #000000\">\n        <span class=\"qodef-custom-font-content\">\n            Hajde da radimo zajedno!        <\/span>\n                    <span class=\"qodef-custom-font-content-copy\">\n                Hajde da radimo zajedno!            <\/span>\n            <\/a>\n<\/div>\t\t<\/div>\n\t<\/div>\n<\/div><\/div>[\/vc_column][\/vc_row]<\/p>\n<\/div>","protected":false},"excerpt":{"rendered":"<p>[vc_row row_content_width=&#8220;grid&#8220; content_text_aligment=&#8220;center&#8220; enable_hue_rotation=&#8220;no&#8220; use_row_as_full_screen_section=&#8220;no&#8220; css=&#8220;.vc_custom_1628000815514{margin-top: 60px !important;}&#8220;][vc_column][\/vc_column][\/vc_row][vc_row content_placement=&#8220;top&#8220; row_content_width=&#8220;grid&#8220; content_text_aligment=&#8220;center&#8220; enable_hue_rotation=&#8220;no&#8220; use_row_as_full_screen_section=&#8220;yes&#8220; el_class=&#8220;projectintro&#8220;][vc_column][\/vc_column][\/vc_row][vc_row row_content_width=&#8220;grid&#8220; content_text_aligment=&#8220;center&#8220; enable_hue_rotation=&#8220;no&#8220; use_row_as_full_screen_section=&#8220;no&#8220; el_class=&#8220;projectintro&#8220;][vc_column][\/vc_column][\/vc_row][vc_row content_placement=&#8220;middle&#8220; row_content_width=&#8220;grid&#8220; content_text_aligment=&#8220;center&#8220; enable_hue_rotation=&#8220;no&#8220; use_row_as_full_screen_section=&#8220;yes&#8220; el_class=&#8220;projectintro&#8220;][vc_column][\/vc_column][\/vc_row][vc_row row_content_width=&#8220;grid&#8220; content_text_aligment=&#8220;center&#8220; enable_hue_rotation=&#8220;no&#8220; use_row_as_full_screen_section=&#8220;no&#8220; el_class=&#8220;projectintro&#8220;][vc_column][\/vc_column][\/vc_row][vc_row content_placement=&#8220;middle&#8220; row_content_width=&#8220;grid&#8220; content_text_aligment=&#8220;center&#8220; enable_hue_rotation=&#8220;no&#8220; use_row_as_full_screen_section=&#8220;no&#8220; el_class=&#8220;projectintro&#8220;][vc_column][\/vc_column][\/vc_row][vc_row row_content_width=&#8220;grid&#8220; content_text_aligment=&#8220;center&#8220; enable_hue_rotation=&#8220;no&#8220; use_row_as_full_screen_section=&#8220;no&#8220;][vc_column][\/vc_column][\/vc_row]<\/p>\n","protected":false},"author":1,"featured_media":14859,"parent":0,"menu_order":0,"comment_status":"closed","ping_status":"closed","template":"full-width.php","meta":{"footnotes":""},"class_list":["post-15374","page","type-page","status-publish","has-post-thumbnail","hentry"],"yoast_head":"<!-- This site is optimized with the Yoast SEO Premium plugin v24.1 (Yoast SEO v25.3) - https:\/\/yoast.com\/wordpress\/plugins\/seo\/ -->\n<title>O nama<\/title>\n<meta name=\"description\" content=\"Strongweb je kreativna agencija za grafi\u010dki dizajn i digitalne usluge koja nudi vizuelna i komunikacijska re\u0161enja \u2013 od razvoja identiteta i brendinga, preko izrade veb sajtova i prisustva na internetu, preko SEO i sadr\u017eaja do ogla\u0161avanja u svim formatima, kako u \u0161tampanim tako i u digitalnim medijima.\" \/>\n<meta name=\"robots\" content=\"index, follow, max-snippet:-1, max-image-preview:large, max-video-preview:-1\" \/>\n<link rel=\"canonical\" href=\"https:\/\/strongweb.net\/sr\/o-nama\/\" \/>\n<meta property=\"og:locale\" content=\"sr_RS\" \/>\n<meta property=\"og:type\" content=\"article\" \/>\n<meta property=\"og:title\" content=\"O nama | Dizajn, web i brending \u2013 StrongWeb!\" \/>\n<meta property=\"og:description\" content=\"Strongweb je kreativna agencija za grafi\u010dki dizajn i digitalne usluge koja nudi vizuelna i komunikacijska re\u0161enja \u2013 od razvoja identiteta i brendinga, preko izrade veb sajtova i prisustva na internetu, preko SEO i sadr\u017eaja do ogla\u0161avanja u svim formatima, kako u \u0161tampanim tako i u digitalnim medijima.\" \/>\n<meta property=\"og:url\" content=\"https:\/\/strongweb.net\/sr\/o-nama\/\" \/>\n<meta property=\"og:site_name\" content=\"StrongWeb! Creative Group\" \/>\n<meta property=\"article:publisher\" content=\"https:\/\/www.facebook.com\/strongwebcreative\" \/>\n<meta property=\"article:modified_time\" content=\"2025-09-05T12:51:53+00:00\" \/>\n<meta property=\"og:image\" content=\"https:\/\/strongweb.net\/wp-content\/uploads\/2021\/10\/strongweb_forweb.jpg\" \/>\n\t<meta property=\"og:image:width\" content=\"2000\" \/>\n\t<meta property=\"og:image:height\" content=\"1125\" \/>\n\t<meta property=\"og:image:type\" content=\"image\/jpeg\" \/>\n<meta name=\"twitter:card\" content=\"summary_large_image\" \/>\n<meta name=\"twitter:title\" content=\"O nama\" \/>\n<meta name=\"twitter:site\" content=\"@strongweb\" \/>\n<meta name=\"twitter:label1\" content=\"\u041f\u0440\u043e\u0446\u0435\u045a\u0435\u043d\u043e \u0432\u0440\u0435\u043c\u0435 \u0447\u0438\u0442\u0430\u045a\u0430\" \/>\n\t<meta name=\"twitter:data1\" content=\"2 \u043c\u0438\u043d\u0443\u0442\u0430\" \/>\n<!-- \/ Yoast SEO Premium plugin. -->","yoast_head_json":{"title":"O nama","description":"Strongweb je kreativna agencija za grafi\u010dki dizajn i digitalne usluge koja nudi vizuelna i komunikacijska re\u0161enja \u2013 od razvoja identiteta i brendinga, preko izrade veb sajtova i prisustva na internetu, preko SEO i sadr\u017eaja do ogla\u0161avanja u svim formatima, kako u \u0161tampanim tako i u digitalnim medijima.","robots":{"index":"index","follow":"follow","max-snippet":"max-snippet:-1","max-image-preview":"max-image-preview:large","max-video-preview":"max-video-preview:-1"},"canonical":"https:\/\/strongweb.net\/sr\/o-nama\/","og_locale":"sr_RS","og_type":"article","og_title":"O nama | Dizajn, web i brending \u2013 StrongWeb!","og_description":"Strongweb je kreativna agencija za grafi\u010dki dizajn i digitalne usluge koja nudi vizuelna i komunikacijska re\u0161enja \u2013 od razvoja identiteta i brendinga, preko izrade veb sajtova i prisustva na internetu, preko SEO i sadr\u017eaja do ogla\u0161avanja u svim formatima, kako u \u0161tampanim tako i u digitalnim medijima.","og_url":"https:\/\/strongweb.net\/sr\/o-nama\/","og_site_name":"StrongWeb! Creative Group","article_publisher":"https:\/\/www.facebook.com\/strongwebcreative","article_modified_time":"2025-09-05T12:51:53+00:00","og_image":[{"width":2000,"height":1125,"url":"https:\/\/strongweb.net\/wp-content\/uploads\/2021\/10\/strongweb_forweb.jpg","type":"image\/jpeg"}],"twitter_card":"summary_large_image","twitter_title":"O nama","twitter_site":"@strongweb","twitter_misc":{"\u041f\u0440\u043e\u0446\u0435\u045a\u0435\u043d\u043e \u0432\u0440\u0435\u043c\u0435 \u0447\u0438\u0442\u0430\u045a\u0430":"2 \u043c\u0438\u043d\u0443\u0442\u0430"},"schema":{"@context":"https:\/\/schema.org","@graph":[{"@type":"WebPage","@id":"https:\/\/strongweb.net\/sr\/o-nama\/","url":"https:\/\/strongweb.net\/sr\/o-nama\/","name":"O nama","isPartOf":{"@id":"https:\/\/strongweb.net\/#website"},"primaryImageOfPage":{"@id":"https:\/\/strongweb.net\/sr\/o-nama\/#primaryimage"},"image":{"@id":"https:\/\/strongweb.net\/sr\/o-nama\/#primaryimage"},"thumbnailUrl":"https:\/\/strongweb.net\/wp-content\/uploads\/2021\/10\/strongweb_forweb.jpg","datePublished":"2021-07-31T08:43:04+00:00","dateModified":"2025-09-05T12:51:53+00:00","description":"Strongweb je kreativna agencija za grafi\u010dki dizajn i digitalne usluge koja nudi vizuelna i komunikacijska re\u0161enja \u2013 od razvoja identiteta i brendinga, preko izrade veb sajtova i prisustva na internetu, preko SEO i sadr\u017eaja do ogla\u0161avanja u svim formatima, kako u \u0161tampanim tako i u digitalnim medijima.","breadcrumb":{"@id":"https:\/\/strongweb.net\/sr\/o-nama\/#breadcrumb"},"inLanguage":"sr-RS","potentialAction":[{"@type":"ReadAction","target":["https:\/\/strongweb.net\/sr\/o-nama\/"]}]},{"@type":"ImageObject","inLanguage":"sr-RS","@id":"https:\/\/strongweb.net\/sr\/o-nama\/#primaryimage","url":"https:\/\/strongweb.net\/wp-content\/uploads\/2021\/10\/strongweb_forweb.jpg","contentUrl":"https:\/\/strongweb.net\/wp-content\/uploads\/2021\/10\/strongweb_forweb.jpg","width":2000,"height":1125,"caption":"StrongWeb! Creative Group - Graphic Design Studio Studio za grafi\u010dki dizajn i brending"},{"@type":"BreadcrumbList","@id":"https:\/\/strongweb.net\/sr\/o-nama\/#breadcrumb","itemListElement":[{"@type":"ListItem","position":1,"name":"Home","item":"https:\/\/strongweb.net\/sr\/"},{"@type":"ListItem","position":2,"name":"O nama"}]},{"@type":"WebSite","@id":"https:\/\/strongweb.net\/#website","url":"https:\/\/strongweb.net\/","name":"StrongWeb! Creative Group","description":"Graphic Design Agency","publisher":{"@id":"https:\/\/strongweb.net\/#organization"},"potentialAction":[{"@type":"SearchAction","target":{"@type":"EntryPoint","urlTemplate":"https:\/\/strongweb.net\/?s={search_term_string}"},"query-input":{"@type":"PropertyValueSpecification","valueRequired":true,"valueName":"search_term_string"}}],"inLanguage":"sr-RS"},{"@type":"Organization","@id":"https:\/\/strongweb.net\/#organization","name":"StrongWeb Creative Group","url":"https:\/\/strongweb.net\/","logo":{"@type":"ImageObject","inLanguage":"sr-RS","@id":"https:\/\/strongweb.net\/#\/schema\/logo\/image\/","url":"https:\/\/strongweb.net\/wp-content\/uploads\/2021\/08\/strongweb.logo_.png","contentUrl":"https:\/\/strongweb.net\/wp-content\/uploads\/2021\/08\/strongweb.logo_.png","width":1000,"height":1000,"caption":"StrongWeb Creative Group"},"image":{"@id":"https:\/\/strongweb.net\/#\/schema\/logo\/image\/"},"sameAs":["https:\/\/www.facebook.com\/strongwebcreative","https:\/\/x.com\/strongweb","https:\/\/www.instagram.com\/strongwebcreative\/"]}]}},"_links":{"self":[{"href":"https:\/\/strongweb.net\/sr\/wp-json\/wp\/v2\/pages\/15374","targetHints":{"allow":["GET"]}}],"collection":[{"href":"https:\/\/strongweb.net\/sr\/wp-json\/wp\/v2\/pages"}],"about":[{"href":"https:\/\/strongweb.net\/sr\/wp-json\/wp\/v2\/types\/page"}],"author":[{"embeddable":true,"href":"https:\/\/strongweb.net\/sr\/wp-json\/wp\/v2\/users\/1"}],"replies":[{"embeddable":true,"href":"https:\/\/strongweb.net\/sr\/wp-json\/wp\/v2\/comments?post=15374"}],"version-history":[{"count":6,"href":"https:\/\/strongweb.net\/sr\/wp-json\/wp\/v2\/pages\/15374\/revisions"}],"predecessor-version":[{"id":15586,"href":"https:\/\/strongweb.net\/sr\/wp-json\/wp\/v2\/pages\/15374\/revisions\/15586"}],"wp:featuredmedia":[{"embeddable":true,"href":"https:\/\/strongweb.net\/sr\/wp-json\/wp\/v2\/media\/14859"}],"wp:attachment":[{"href":"https:\/\/strongweb.net\/sr\/wp-json\/wp\/v2\/media?parent=15374"}],"curies":[{"name":"wp","href":"https:\/\/api.w.org\/{rel}","templated":true}]}}